{"id":574,"date":"2018-10-17T18:35:02","date_gmt":"2018-10-17T18:35:02","guid":{"rendered":"http:\/\/thefoodandfood.com\/?page_id=574"},"modified":"2018-10-17T18:51:50","modified_gmt":"2018-10-17T18:51:50","slug":"politica-de-privacidad","status":"publish","type":"page","link":"https:\/\/thefoodandfood.com\/en\/politica-de-privacidad\/","title":{"rendered":"Pol\u00edtica de privacidad"},"content":{"rendered":"<p>[et_pb_section fb_built=\u00bb1&#8243; _builder_version=\u00bb3.17.1&#8243; custom_padding=\u00bb54px|0px|30px|0px|false|false\u00bb][et_pb_row _builder_version=\u00bb3.17.1&#8243;][et_pb_column type=\u00bb4_4&#8243; _builder_version=\u00bb3.17.1&#8243; parallax=\u00bboff\u00bb parallax_method=\u00bbon\u00bb][et_pb_text _builder_version=\u00bb3.17.1&#8243; text_font=\u00bbPlayfair Display||||||||\u00bb text_text_color=\u00bb#1f1f1f\u00bb text_font_size=\u00bb52px\u00bb text_orientation=\u00bbcenter\u00bb]<\/p>\n<p>Pol\u00edtica de privacidad<\/p>\n<p>[\/et_pb_text][\/et_pb_column][\/et_pb_row][\/et_pb_section][et_pb_section fb_built=\u00bb1&#8243; _builder_version=\u00bb3.17.1&#8243; custom_padding=\u00bb0|0px|54px|0px|false|false\u00bb][et_pb_row _builder_version=\u00bb3.17.1&#8243;][et_pb_column type=\u00bb4_4&#8243; _builder_version=\u00bb3.17.1&#8243; parallax=\u00bboff\u00bb parallax_method=\u00bbon\u00bb][et_pb_text _builder_version=\u00bb3.17.1&#8243; text_font=\u00bbMontserrat||||||||\u00bb text_text_color=\u00bb#757575&#8243;]<\/p>\n<p class=\"p1\"><span class=\"s1\">La confianza de nuestros clientes en nuestros productos y servicios est\u00e1 relacionada con la protecci\u00f3n de sus datos personales. La informaci\u00f3n sobre nuestra Pol\u00edtica de Privacidad refleja nuestro compromiso por mantener y garantizar relaciones comerciales seguras mediante la protecci\u00f3n de los datos personales, garantizando el derecho a la privacidad de cada uno de los usuarios de nuestro Sitio Web.<\/span><\/p>\n<p class=\"p1\"><b>1. DATOS DE LA EMPRESA Y DEL PROPIETARIO.<\/b><\/p>\n<p class=\"p3\"><span class=\"s1\">Mediante el presente aviso,\u00a0<span>Consuelo Monteagudo Yuste<\/span>, en adelante The Food and Food, NIF:<span>\u00a044394259G<\/span> y con domicilio en Calle\u00a0<span>Vel\u00e1zquez<\/span> n\u00ba7, en Madrigueras, Albacete, informa a los usuarios de este Sitio Web de su Pol\u00edtica de Protecci\u00f3n de Datos de Car\u00e1cter Personal.<\/span><\/p>\n<p class=\"p3\"><span class=\"s1\">La utilizaci\u00f3n de este Sitio Web www.thefoodandfood.com y de cualquiera de los servicios que se incorporan en \u00e9l, supone la plena aceptaci\u00f3n de las condiciones que se manifiestan en la Pol\u00edtica de Privacidad que se expone.<\/span><\/p>\n<p class=\"p3\"><b>2. DATOS PERSONALES.<\/b><\/p>\n<p class=\"p3\"><span class=\"s1\">El Sitio Web\u00a0www.thefoodandfood.com proporciona el acceso a contenidos en Internet a los que el usuario, con car\u00e1cter general, puede tener acceso de forma libre. Adem\u00e1s de ello, para algunos servicios prestados por The Food and Food ser\u00e1 necesario que el usuario se registre como cliente, proporcionando una serie de datos personales necesarios para poder tener acceso a los mencionados servicios.<\/span><\/p>\n<p class=\"p3\"><span class=\"s1\">Dando cumplimiento a la Ley 15\/1999, de 13 de diciembre, de Protecci\u00f3n de Datos de Car\u00e1cter Personal, se informa de que los datos de car\u00e1cter personal que se solicitan en nuestros formularios se incluir\u00e1n en un fichero de datos personales \u201cClientes\u201d cuyo responsable es The Food and Food.<\/span><\/p>\n<p class=\"p3\"><span class=\"s1\">Asimismo, al rellenar cualquiera de los formularios con los datos personales que se solicitan y aceptar el env\u00edo, se autoriza expresamente a The Food and Food a tratar o incorporar en el fichero automatizado de su propiedad los datos personales facilitados en el referido formulario, as\u00ed como todos los datos que se generen en relaci\u00f3n con su participaci\u00f3n o uso de los diferentes productos o servicios que se ofrecen en este Sitio Web.<\/span><\/p>\n<p class=\"p3\"><span class=\"s1\">Salvo que espec\u00edficamente se establezca lo contrario, se considerar\u00e1 necesario rellenar todos los campos de cada formulario, para lo cual el usuario deber\u00e1 rellenar los formularios con datos verdaderos, exactos, completos y actualizados.<\/span><\/p>\n<p class=\"p3\"><span class=\"s1\">El usuario ser\u00e1 el \u00fanico responsable de cualquier da\u00f1o o perjuicio, directo o indirecto, que ocasione a The Food and Food, o a cualquier tercero, a causa de rellenar los formularios con datos falsos, inexactos, incompletos o no actualizados o con datos de terceros.<\/span><\/p>\n<p class=\"p3\"><b>3. FINALIDAD DE LOS DATOS.<\/b><\/p>\n<p class=\"p3\"><span class=\"s1\">De conformidad con la normativa de protecci\u00f3n de datos, los datos recogidos en este fichero de datos propiedad de The Food and Food s\u00f3lo ser\u00e1n recogidos, tratados y utilizados para fines l\u00edcitos y leg\u00edtimos, sobre los cuales informamos.<\/span><\/p>\n<p class=\"p3\"><span class=\"s1\">La recogida de estos datos personales tienen por finalidad: permitir la prestaci\u00f3n del servicio por parte de The Food and Food, la correcta identificaci\u00f3n del usuario registrado y el env\u00edo de informaci\u00f3n y publicidad de los diferentes productos, servicios y ofertas que The Food and Food pueda tener en su Sitio Web.<\/span><\/p>\n<p class=\"p3\"><span class=\"s1\">A trav\u00e9s de las diferentes \u00e1reas que forman parte de este Sitio Web, los usuarios pueden obtener informaci\u00f3n, realizar consultas y participar en todas las actividades que The Food and Food pueda ofrecer por medio de su Sitio Web.<\/span><\/p>\n<p class=\"p3\"><span class=\"s1\">Las comunicaciones comerciales de The Food and Food se realizar\u00e1n por correo electr\u00f3nico a la direcci\u00f3n de e-mail facilitada por el usuario, o a trav\u00e9s del servicio de WhatsApp, al n\u00famero facilitado por el cliente.\u00a0En ambos casos, el cliente presta su consentimiento al facilitar sus datos personales\u00a0para dichos env\u00edos publicitarios o comunicaciones relacionadas con el proceso de compra o recibir ofertas.<\/span><\/p>\n<p class=\"p4\"><b>4. SEGURIDAD Y CESI\u00d3N DE DATOS.<\/b><\/p>\n<p class=\"p3\"><span class=\"s1\">The Food and Food se compromete a cumplir con el deber de secreto de tales datos, as\u00ed como a tratarlos con confidencialidad, asumiendo las medidas necesarias para evitar su alteraci\u00f3n, p\u00e9rdida, tratamiento o acceso no autorizado, tal y como se recoge en la Ley Org\u00e1nica 15\/1999, de 13 de diciembre, de Protecci\u00f3n de Datos de Car\u00e1cter Personal, y en el Real Decreto 994\/1999, de 11 de junio por el que se aprueba el Reglamento de medidas de seguridad de los ficheros automatizados que contengan datos de car\u00e1cter personal.<\/span><\/p>\n<p class=\"p3\"><span class=\"s1\">Asimismo, The Food and Food se compromete a la no utilizaci\u00f3n de dichos datos personales para fines distintos del objeto del servicio que presta a trav\u00e9s de su Sitio Web, que no es otra que la de ofrecer informaci\u00f3n sobre, relaci\u00f3n comercial, ofertas de productos, servicios y venta directa a trav\u00e9s de internet.<\/span><\/p>\n<p class=\"p3\"><span class=\"s1\">El usuario responder\u00e1, en cualquier caso, de la veracidad, exactitud, autenticidad y vigencia de los datos facilitados, reserv\u00e1ndose The Food and Food el derecho a excluir de los servicios registrados a todo usuario que haya facilitado datos falsos, sin perjuicio de las dem\u00e1s acciones que procedan en Derecho.<\/span><\/p>\n<p class=\"p3\"><span class=\"s1\">La aceptaci\u00f3n del usuario de que sus datos puedan ser tratados o cedidos en la forma establecida en este p\u00e1rrafo tiene siempre car\u00e1cter de revocable, sin efectos retroactivos, de acuerdo con lo que disponen los art\u00edculos 6 y 11 de la Ley 15\/1999, de 13 de diciembre, de protecci\u00f3n de datos de car\u00e1cter personal. Por ello, cualquier usuario registrado puede en cualquier momento ejercer el derecho a acceder, rectificar y, en su caso, cancelar sus datos de car\u00e1cter personal suministrados, mediante correo electr\u00f3nico o mediante petici\u00f3n escrita por carta dirigida al domicilio de The Food and Food.<\/span><\/p>\n<p class=\"p3\"><span class=\"s1\">El usuario acepta que puedan ser cedidos sus datos, exclusivamente para las finalidades descritas con anterioridad.<\/span><\/p>\n<p class=\"p4\"><b>5. MODIFICACIONES EN LA POL\u00cdTICA DE PRIVACIDAD.<\/b><\/p>\n<p class=\"p3\"><span class=\"s1\">The Food and Food se reserva el derecho de modificar su pol\u00edtica de protecci\u00f3n de datos de acuerdo con su criterio, o a causa de un cambio legislativo, jurisprudencia o en la pr\u00e1ctica empresarial. Si The Food and Food introduce una modificaci\u00f3n, el nuevo texto ser\u00e1 publicado en este Sitio Web, donde el usuario podr\u00e1 tener conocimiento de la pol\u00edtica de protecci\u00f3n de datos. En cualquier caso, la relaci\u00f3n con los usuarios se regir\u00e1 por las normas previstas en el momento preciso en el que se accede al Sitio Web.<\/span><\/p>\n<p class=\"p3\"><b>6. COOKIES.<\/b><\/p>\n<p class=\"p3\"><span class=\"s1\">Desde\u00a0www.thefoodandfood.com deseamos informarte que nuestro Sitio Web utiliza cookies para analizar la navegaci\u00f3n de usuarios cumpliendo con las obligaciones previstas en el apartado segundo del art\u00edculo 22 de la Ley 34\/2002 de 11 de julio de servicios de la sociedad de informaci\u00f3n y de comercio electr\u00f3nico, tras su modificaciones por el real Decreto-Ley 13\/2012, de 30 de marzo. (LSSI)<\/span><\/p>\n<p class=\"p3\"><span class=\"s1\">Las cookies son unos archivos que se instalan en el equipo desde el que accedes a nuestro Sitio Web con las finalidades que se describen en esta p\u00e1gina. Estos peque\u00f1os ficheros de datos se almacenan en el sistema del usuario, permiten personalizar y facilitar la navegaci\u00f3n por la p\u00e1gina web, y se asocian a un usuario an\u00f3nimo sin que puedan deducirse datos personales del mismo.<\/span><\/p>\n<p class=\"p3\"><span class=\"s1\">El usuario puede impedir la generaci\u00f3n de cookies en su ordenador mediante la activaci\u00f3n de la opci\u00f3n correspondiente en su navegador. Esta desactivaci\u00f3n de cookies no impide el acceso del usuario a los contenidos del Sitio Web.<\/span><\/p>\n<p class=\"p3\"><span class=\"s1\">La aplicaci\u00f3n que utilizamos para obtener y analizar la informaci\u00f3n de la navegaci\u00f3n es: Google Analytics:\u00a0<strong><a href=\"http:\/\/www.google.com\/analytics\/\"><span class=\"s3\">www.google.com\/analytics\/.<\/span><\/a><\/strong><\/span><\/p>\n<p class=\"p3\"><span class=\"s1\">Esta aplicaci\u00f3n ha sido desarrollada por Google, que nos presta el servicio de an\u00e1lisis de la audiencia de nuestra p\u00e1gina. Esta empresa puede utilizar estos datos para mejorar sus propios servicios y para ofrecer servicios a otras empresas. Puedes conocer esos otros usos desde los enlaces indicados.<\/span><\/p>\n<p class=\"p3\"><span class=\"s1\">Esta herramienta no obtiene datos de los nombres o apellidos de los usuarios ni de la direcci\u00f3n postal desde donde se conectan. La informaci\u00f3n que obtiene est\u00e1 relacionada con el n\u00famero de p\u00e1ginas visitas, el idioma, red social en la que se publican nuestras noticias, la ciudad a la que est\u00e1 asignada la direcci\u00f3n IP desde la que acceden los usuarios, el n\u00famero de usuarios que nos visitan, la frecuencia y reincidencia de las visitas, el tiempo de visita, el navegador que usan, el operador o tipo de terminal desde el que se realiza la visita.<\/span><\/p>\n<p class=\"p3\"><span class=\"s1\">Esta informaci\u00f3n la utilizamos para mejorar nuestra p\u00e1gina, detectar nuevas necesidades y valorar las mejoras a introducir con la finalidad de prestar un mejor servicio a los usuarios que nos visitan.<\/span><\/p>\n<p class=\"p3\"><span class=\"s1\">Para permitir, conocer, bloquear o eliminar las cookies instaladas en tu equipo puedes hacerlo mediante la configuraci\u00f3n de las opciones del navegador instalado en su ordenador.<\/span><\/p>\n<p class=\"p3\"><span class=\"s1\">Por ejemplo puedes encontrar informaci\u00f3n sobre c\u00f3mo hacerlo en el caso que uses como navegador:<\/span><\/p>\n<p class=\"p3\"><span class=\"s1\">Firefox desde aqu\u00ed:<\/span><span class=\"s4\">\u00a0<a href=\"http:\/\/helpdesk-it.net\/es\/consultas\/faq-s\/97-gestion-de-cookies-firefox\"><span class=\"s5\">http:\/\/helpdesk-it.net\/es\/consultas\/faq-s\/97-gestion-de-cookies-firefox<\/span><\/a><\/span><\/p>\n<p class=\"p3\"><span class=\"s1\">Chrome desde aqu\u00ed:<\/span><span class=\"s4\">\u00a0<a href=\"http:\/\/support.google.com\/chrome\/bin\/answer.py?hl=es&amp;answer=95647\"><span class=\"s5\">http:\/\/support.google.com\/chrome\/bin\/answer.py?hl=es&amp;answer=95647<\/span><\/a><\/span><\/p>\n<p class=\"p3\"><span class=\"s1\">Explorer desde aqu\u00ed:<\/span><span class=\"s4\">\u00a0<a href=\"http:\/\/windows.microsoft.com\/es-es\/windows7\/how-to-manage-cookies-in-internet-explorer-9\"><span class=\"s5\">http:\/\/windows.microsoft.com\/es-es\/windows7\/how-to-manage-cookies-in-internet-explorer-9<\/span><\/a><\/span><\/p>\n<p class=\"p3\"><span class=\"s1\">Safari desde aqu\u00ed:<\/span><span class=\"s4\">\u00a0<span class=\"s5\"><a href=\"http:\/\/support.apple.com\/kb\/ph5042\">http:\/\/support.apple.com\/kb\/ph504<\/a><\/span><\/span><\/p>\n<p class=\"p3\"><b>7. ENLACES A SITIOS WEBS DE OTRAS EMPRESAS.<\/b><\/p>\n<p class=\"p3\"><span class=\"s1\">Nuestro Sitio Web puede contener enlaces a p\u00e1ginas web de otras empresas. Queremos dejar constancia que no somos responsables de las medidas y precauciones adoptadas por dichas p\u00e1ginas web con relaci\u00f3n al tratamiento de datos personales. La informaci\u00f3n relativa al tratamiento de los datos personales, llevados a cabo en dichas p\u00e1ginas web, podr\u00e1 ser encontrada en las mismas.<\/span><\/p>\n<p class=\"p4\"><b>8. \u00bfDUDA SOBRE NUESTRA POL\u00cdTICA DE PRIVACIDAD?<\/b><\/p>\n<p class=\"p3\"><span class=\"s1\">Si tienes alguna duda o cuesti\u00f3n sobre nuestra Pol\u00edtica de Privacidad o quieres ejercitar alg\u00fan derecho o acci\u00f3n relativa a tus datos personales, por favor, ponte en contacto con The Food and Food en la siguiente direcci\u00f3n de correo electr\u00f3nico:<\/span><\/p>\n<p class=\"p3\"><span>info@thefoodandfood.com<\/span><\/p>\n<p>[\/et_pb_text][\/et_pb_column][\/et_pb_row][\/et_pb_section]<\/p>","protected":false},"excerpt":{"rendered":"<p>[et_pb_section fb_built=\u00bb1&#8243; _builder_version=\u00bb3.17.1&#8243; custom_padding=\u00bb54px|0px|30px|0px|false|false\u00bb][et_pb_row _builder_version=\u00bb3.17.1&#8243;][et_pb_column type=\u00bb4_4&#8243; _builder_version=\u00bb3.17.1&#8243; parallax=\u00bboff\u00bb parallax_method=\u00bbon\u00bb][et_pb_text _builder_version=\u00bb3.17.1&#8243; text_font=\u00bbPlayfair Display||||||||\u00bb text_text_color=\u00bb#1f1f1f\u00bb text_font_size=\u00bb52px\u00bb text_orientation=\u00bbcenter\u00bb] Pol\u00edtica de privacidad [\/et_pb_text][\/et_pb_column][\/et_pb_row][\/et_pb_section][et_pb_section fb_built=\u00bb1&#8243; _builder_version=\u00bb3.17.1&#8243; custom_padding=\u00bb0|0px|54px|0px|false|false\u00bb][et_pb_row _builder_version=\u00bb3.17.1&#8243;][et_pb_column type=\u00bb4_4&#8243; _builder_version=\u00bb3.17.1&#8243; parallax=\u00bboff\u00bb parallax_method=\u00bbon\u00bb][et_pb_text _builder_version=\u00bb3.17.1&#8243; text_font=\u00bbMontserrat||||||||\u00bb text_text_color=\u00bb#757575&#8243;] La confianza de nuestros clientes en nuestros productos y servicios est\u00e1 relacionada con la protecci\u00f3n de sus datos personales. La informaci\u00f3n sobre nuestra Pol\u00edtica de [&hellip;]<\/p>","protected":false},"author":2,"featured_media":0,"parent":0,"menu_order":0,"comment_status":"closed","ping_status":"closed","template":"","meta":{"_et_pb_use_builder":"on","_et_pb_old_content":"","_et_gb_content_width":""},"_links":{"self":[{"href":"https:\/\/thefoodandfood.com\/en\/wp-json\/wp\/v2\/pages\/574"}],"collection":[{"href":"https:\/\/thefoodandfood.com\/en\/wp-json\/wp\/v2\/pages"}],"about":[{"href":"https:\/\/thefoodandfood.com\/en\/wp-json\/wp\/v2\/types\/page"}],"author":[{"embeddable":true,"href":"https:\/\/thefoodandfood.com\/en\/wp-json\/wp\/v2\/users\/2"}],"replies":[{"embeddable":true,"href":"https:\/\/thefoodandfood.com\/en\/wp-json\/wp\/v2\/comments?post=574"}],"version-history":[{"count":5,"href":"https:\/\/thefoodandfood.com\/en\/wp-json\/wp\/v2\/pages\/574\/revisions"}],"predecessor-version":[{"id":585,"href":"https:\/\/thefoodandfood.com\/en\/wp-json\/wp\/v2\/pages\/574\/revisions\/585"}],"wp:attachment":[{"href":"https:\/\/thefoodandfood.com\/en\/wp-json\/wp\/v2\/media?parent=574"}],"curies":[{"name":"wp","href":"https:\/\/api.w.org\/{rel}","templated":true}]}}